{"id":1097,"date":"2013-04-04T22:55:50","date_gmt":"2013-04-04T22:55:50","guid":{"rendered":"http:\/\/www.kriesi.at\/themes\/enfold\/?page_id=1097"},"modified":"2024-12-13T18:19:14","modified_gmt":"2024-12-13T18:19:14","slug":"home-v5","status":"publish","type":"page","link":"https:\/\/ironworks.ai\/?page_id=1097","title":{"rendered":"Attivit\u00e0"},"content":{"rendered":"<div   class='avia-fullscreen-slider main_color   avia-builder-el-0  el_before_av_textblock  avia-builder-el-first  container_wrap sidebar_right'  ><div  class='avia-slideshow av-m49vngga-0fa9992a3210da727f3d3370d5d4e4bd avia-slideshow-extra_large av_fullscreen avia-slide-slider av-slideshow-ui av-control-default av-slideshow-manual av-loop-once av-loop-manual-endless av-default-height-applied   avia-slideshow-1' data-slideshow-options=\"{&quot;animation&quot;:&quot;slide&quot;,&quot;autoplay&quot;:false,&quot;loop_autoplay&quot;:&quot;once&quot;,&quot;interval&quot;:5,&quot;loop_manual&quot;:&quot;manual-endless&quot;,&quot;autoplay_stopper&quot;:false,&quot;noNavigation&quot;:false,&quot;bg_slider&quot;:true,&quot;keep_padding&quot;:false,&quot;hoverpause&quot;:false,&quot;show_slide_delay&quot;:0,&quot;slide_height&quot;:&quot;100&quot;,&quot;image_attachment&quot;:&quot;&quot;}\"  itemprop=\"image\" itemscope=\"itemscope\" itemtype=\"https:\/\/schema.org\/ImageObject\" ><ul class='avia-slideshow-inner ' style='padding-bottom: 48%;'><li style='background-position:center center;' data-img-url='https:\/\/ironworks.ai\/wp-content\/uploads\/2024\/12\/Attivita-2-1500x720.png' class='avia-slideshow-slide av-m49vngga-0fa9992a3210da727f3d3370d5d4e4bd__0  av-single-slide slide-1 slide-odd'><div data-rel='slideshow-1' class='avia-slide-wrap '   ><\/div><\/li><\/ul><\/div><\/div><div id='after_full_slider_1'  class='main_color av_default_container_wrap container_wrap sidebar_right'  ><div class='container av-section-cont-open' ><div class='template-page content  av-content-small alpha units'><div class='post-entry post-entry-type-page post-entry-1097'><div class='entry-content-wrapper clearfix'>\n\n<style type=\"text\/css\" data-created_by=\"avia_inline_auto\" id=\"style-css-av-m49vqk4x-9258d4515e3ab374f12d2bfd0184f094\">\n#top .av_textblock_section.av-m49vqk4x-9258d4515e3ab374f12d2bfd0184f094 .avia_textblock{\ncolor:#0a0a0a;\n}\n<\/style>\n<section  class='av_textblock_section av-m49vqk4x-9258d4515e3ab374f12d2bfd0184f094 '   itemscope=\"itemscope\" itemtype=\"https:\/\/schema.org\/CreativeWork\" ><div class='avia_textblock av_inherit_color'  itemprop=\"text\" ><p>La nostra carpenteria metallica si distingue per la versatilit\u00e0 e la qualit\u00e0 delle soluzioni offerte, rivolte a diversi settori e contesti. Ecco le principali aree di attivit\u00e0 in cui operiamo:<\/p>\n<ul>\n<li><strong>Manufatti metallici per l&#8217;industria e l&#8217;agricoltura<\/strong><br \/>\nRealizziamo strutture e componenti su misura, progettate per garantire robustezza, funzionalit\u00e0 e durata nel tempo, rispondendo alle esigenze specifiche di aziende agricole e industriali.<\/li>\n<li><strong>Recinzioni<\/strong>\n<ul>\n<li><strong>Classiche<\/strong>: soluzioni solide ed eleganti per la delimitazione di spazi.<\/li>\n<li><strong>Modulari personalizzate<\/strong>: recinzioni con design originali e fantasie create su misura, per aggiungere stile e unicit\u00e0 ai vostri spazi.<\/li>\n<\/ul>\n<\/li>\n<li><strong>Arredo pubblico<\/strong><br \/>\nProgettiamo e realizziamo elementi per spazi urbani, tra cui:<\/p>\n<ul>\n<li><strong>Pensiline per biciclette<\/strong>: pratiche e resistenti, per proteggere le biciclette dalle intemperie.<\/li>\n<li><strong>Panchine<\/strong>: combinando funzionalit\u00e0 e design per rendere accoglienti aree pubbliche e private.<\/li>\n<li><strong>Insegne<\/strong>: personalizzate per dare visibilit\u00e0 e carattere a qualsiasi attivit\u00e0.<\/li>\n<\/ul>\n<\/li>\n<\/ul>\n<p>Mettiamo passione e competenza in ogni progetto, offrendo soluzioni che coniugano estetica, praticit\u00e0 e durata nel tempo, con l&#8217;uso di diversi materiali tra cui Corten, Inox e Alluminio. <strong>Affidatevi a noi per dare forma ai vostri progetti con precisione e professionalit\u00e0.<\/strong><\/p>\n<\/div><\/section>\n<div  class='hr av-bh9e1-e6d60397655d46acaf3359b5f9867ce9 hr-default  avia-builder-el-2  el_after_av_textblock  el_before_av_horizontal_gallery  avia-builder-el-last '><span class='hr-inner '><span class=\"hr-inner-style\"><\/span><\/span><\/div>\n\n<style type=\"text\/css\" data-created_by=\"avia_inline_auto\" id=\"style-css-av-m49vxmxj-ec1676975df78a4578febee158c2dd2f\">\n.av-horizontal-gallery.av-m49vxmxj-ec1676975df78a4578febee158c2dd2f{\npadding:3.75% 0px;;\n}\n.av-horizontal-gallery.av-m49vxmxj-ec1676975df78a4578febee158c2dd2f .av-horizontal-gallery-inner{\npadding-bottom:25%;\n}\n.av-horizontal-gallery.av-m49vxmxj-ec1676975df78a4578febee158c2dd2f .av-horizontal-gallery-slider{\ntransition-duration:0.2s;\n}\n<\/style>\n<div  class='av-horizontal-gallery av-m49vxmxj-ec1676975df78a4578febee158c2dd2f av-horizontal-gallery-large-gap av-horizontal-gallery-enlarge-effect  avia-builder-el-3  el_after_av_hr  avia-builder-el-last  av-slideshow-ui av-control-default av-slideshow-autoplay av-loop-endless av-loop-manual-endless av-horizontal-gallery-1' data-slideshow-data=\"{&quot;enlarge&quot;:1.3,&quot;animation&quot;:&quot;slide&quot;,&quot;autoplay&quot;:true,&quot;loop_autoplay&quot;:&quot;endless&quot;,&quot;interval&quot;:1,&quot;loop_manual&quot;:&quot;manual-endless&quot;,&quot;autoplay_stopper&quot;:false,&quot;noNavigation&quot;:false,&quot;bg_slider&quot;:false,&quot;transitionSpeed&quot;:200,&quot;keep_padding&quot;:&quot;&quot;,&quot;hoverpause&quot;:false,&quot;show_slide_delay&quot;:0}\"  itemprop=\"image\" itemscope=\"itemscope\" itemtype=\"https:\/\/schema.org\/ImageObject\" ><div class='avia-slideshow-arrows avia-slideshow-controls' ><a href='#prev' class='prev-slide av-horizontal-gallery-prev' aria-hidden='true' data-av_icon='\ue87c' data-av_iconfont='entypo-fontello'  tabindex='-1'>Previous<\/a><a href='#next' class='next-slide av-horizontal-gallery-next' aria-hidden='true' data-av_icon='\ue87d' data-av_iconfont='entypo-fontello'  tabindex='-1'>Next<\/a><\/div><div class='avia-slideshow-dots avia-slideshow-controls av-horizontal-gallery-dots fade-in'><a href='#1' class='goto-slide active' >1<\/a><a href='#2' class='goto-slide ' >2<\/a><a href='#3' class='goto-slide ' >3<\/a><a href='#4' class='goto-slide ' >4<\/a><a href='#5' class='goto-slide ' >5<\/a><\/div><div class='av-horizontal-gallery-inner' data-av-height='25'><div class=\"av-horizontal-gallery-slider\"><div class=\"av-horizontal-gallery-wrap noHover\"><img decoding=\"async\" fetchpriority=\"high\" class='wp-image-3401 avia-img-lazy-loading-not-3401 av-horizontal-gallery-img' width=\"1030\" height=\"773\" src=\"https:\/\/ironworks.ai\/wp-content\/uploads\/2024\/12\/telaio-1030x773.jpg\" title='telaio' alt='' srcset=\"https:\/\/ironworks.ai\/wp-content\/uploads\/2024\/12\/telaio-1030x773.jpg 1030w, https:\/\/ironworks.ai\/wp-content\/uploads\/2024\/12\/telaio-300x225.jpg 300w, https:\/\/ironworks.ai\/wp-content\/uploads\/2024\/12\/telaio-768x576.jpg 768w, https:\/\/ironworks.ai\/wp-content\/uploads\/2024\/12\/telaio-1536x1152.jpg 1536w, https:\/\/ironworks.ai\/wp-content\/uploads\/2024\/12\/telaio-1500x1125.jpg 1500w, https:\/\/ironworks.ai\/wp-content\/uploads\/2024\/12\/telaio-705x529.jpg 705w, https:\/\/ironworks.ai\/wp-content\/uploads\/2024\/12\/telaio-450x338.jpg 450w, https:\/\/ironworks.ai\/wp-content\/uploads\/2024\/12\/telaio-600x450.jpg 600w, https:\/\/ironworks.ai\/wp-content\/uploads\/2024\/12\/telaio.jpg 2040w\" sizes=\"(max-width: 1030px) 100vw, 1030px\" \/><a href=\"https:\/\/ironworks.ai\/wp-content\/uploads\/2024\/12\/telaio-1030x773.jpg\" data-srcset=\"https:\/\/ironworks.ai\/wp-content\/uploads\/2024\/12\/telaio-1030x773.jpg 1030w, https:\/\/ironworks.ai\/wp-content\/uploads\/2024\/12\/telaio-300x225.jpg 300w, https:\/\/ironworks.ai\/wp-content\/uploads\/2024\/12\/telaio-768x576.jpg 768w, https:\/\/ironworks.ai\/wp-content\/uploads\/2024\/12\/telaio-1536x1152.jpg 1536w, https:\/\/ironworks.ai\/wp-content\/uploads\/2024\/12\/telaio-1500x1125.jpg 1500w, https:\/\/ironworks.ai\/wp-content\/uploads\/2024\/12\/telaio-705x529.jpg 705w, https:\/\/ironworks.ai\/wp-content\/uploads\/2024\/12\/telaio-450x338.jpg 450w, https:\/\/ironworks.ai\/wp-content\/uploads\/2024\/12\/telaio-600x450.jpg 600w, https:\/\/ironworks.ai\/wp-content\/uploads\/2024\/12\/telaio.jpg 2040w\" data-sizes=\"(max-width: 1030px) 100vw, 1030px\" class='av-horizontal-gallery-link' aria-hidden='true' data-av_icon='\ue869' data-av_iconfont='entypo-fontello' title='telaio' alt=''><\/a><\/div><div class=\"av-horizontal-gallery-wrap noHover\"><img decoding=\"async\" fetchpriority=\"high\" class='wp-image-3398 avia-img-lazy-loading-not-3398 av-horizontal-gallery-img' width=\"1024\" height=\"861\" src=\"https:\/\/ironworks.ai\/wp-content\/uploads\/2024\/12\/benna-2.jpeg\" title='benna 2' alt='' srcset=\"https:\/\/ironworks.ai\/wp-content\/uploads\/2024\/12\/benna-2.jpeg 1024w, https:\/\/ironworks.ai\/wp-content\/uploads\/2024\/12\/benna-2-300x252.jpeg 300w, https:\/\/ironworks.ai\/wp-content\/uploads\/2024\/12\/benna-2-768x646.jpeg 768w, https:\/\/ironworks.ai\/wp-content\/uploads\/2024\/12\/benna-2-705x593.jpeg 705w, https:\/\/ironworks.ai\/wp-content\/uploads\/2024\/12\/benna-2-450x378.jpeg 450w, https:\/\/ironworks.ai\/wp-content\/uploads\/2024\/12\/benna-2-600x504.jpeg 600w\" sizes=\"(max-width: 1024px) 100vw, 1024px\" \/><a href=\"https:\/\/ironworks.ai\/wp-content\/uploads\/2024\/12\/benna-2.jpeg\" data-srcset=\"https:\/\/ironworks.ai\/wp-content\/uploads\/2024\/12\/benna-2.jpeg 1024w, https:\/\/ironworks.ai\/wp-content\/uploads\/2024\/12\/benna-2-300x252.jpeg 300w, https:\/\/ironworks.ai\/wp-content\/uploads\/2024\/12\/benna-2-768x646.jpeg 768w, https:\/\/ironworks.ai\/wp-content\/uploads\/2024\/12\/benna-2-705x593.jpeg 705w, https:\/\/ironworks.ai\/wp-content\/uploads\/2024\/12\/benna-2-450x378.jpeg 450w, https:\/\/ironworks.ai\/wp-content\/uploads\/2024\/12\/benna-2-600x504.jpeg 600w\" data-sizes=\"(max-width: 1024px) 100vw, 1024px\" class='av-horizontal-gallery-link' aria-hidden='true' data-av_icon='\ue869' data-av_iconfont='entypo-fontello' title='benna 2' alt=''><\/a><\/div><div class=\"av-horizontal-gallery-wrap noHover\"><img decoding=\"async\" fetchpriority=\"high\" class='wp-image-3439 avia-img-lazy-loading-not-3439 av-horizontal-gallery-img' width=\"1030\" height=\"773\" src=\"https:\/\/ironworks.ai\/wp-content\/uploads\/2024\/12\/braciere-1030x773.jpg\" title='braciere' alt='' srcset=\"https:\/\/ironworks.ai\/wp-content\/uploads\/2024\/12\/braciere-1030x773.jpg 1030w, https:\/\/ironworks.ai\/wp-content\/uploads\/2024\/12\/braciere-300x225.jpg 300w, https:\/\/ironworks.ai\/wp-content\/uploads\/2024\/12\/braciere-768x576.jpg 768w, https:\/\/ironworks.ai\/wp-content\/uploads\/2024\/12\/braciere-1536x1152.jpg 1536w, https:\/\/ironworks.ai\/wp-content\/uploads\/2024\/12\/braciere-2048x1536.jpg 2048w, https:\/\/ironworks.ai\/wp-content\/uploads\/2024\/12\/braciere-1500x1125.jpg 1500w, https:\/\/ironworks.ai\/wp-content\/uploads\/2024\/12\/braciere-705x529.jpg 705w, https:\/\/ironworks.ai\/wp-content\/uploads\/2024\/12\/braciere-450x338.jpg 450w, https:\/\/ironworks.ai\/wp-content\/uploads\/2024\/12\/braciere-600x450.jpg 600w\" sizes=\"(max-width: 1030px) 100vw, 1030px\" \/><a href=\"https:\/\/ironworks.ai\/wp-content\/uploads\/2024\/12\/braciere-1030x773.jpg\" data-srcset=\"https:\/\/ironworks.ai\/wp-content\/uploads\/2024\/12\/braciere-1030x773.jpg 1030w, https:\/\/ironworks.ai\/wp-content\/uploads\/2024\/12\/braciere-300x225.jpg 300w, https:\/\/ironworks.ai\/wp-content\/uploads\/2024\/12\/braciere-768x576.jpg 768w, https:\/\/ironworks.ai\/wp-content\/uploads\/2024\/12\/braciere-1536x1152.jpg 1536w, https:\/\/ironworks.ai\/wp-content\/uploads\/2024\/12\/braciere-2048x1536.jpg 2048w, https:\/\/ironworks.ai\/wp-content\/uploads\/2024\/12\/braciere-1500x1125.jpg 1500w, https:\/\/ironworks.ai\/wp-content\/uploads\/2024\/12\/braciere-705x529.jpg 705w, https:\/\/ironworks.ai\/wp-content\/uploads\/2024\/12\/braciere-450x338.jpg 450w, https:\/\/ironworks.ai\/wp-content\/uploads\/2024\/12\/braciere-600x450.jpg 600w\" data-sizes=\"(max-width: 1030px) 100vw, 1030px\" class='av-horizontal-gallery-link' aria-hidden='true' data-av_icon='\ue869' data-av_iconfont='entypo-fontello' title='braciere' alt=''><\/a><\/div><div class=\"av-horizontal-gallery-wrap noHover\"><img decoding=\"async\" fetchpriority=\"high\" class='wp-image-3399 avia-img-lazy-loading-not-3399 av-horizontal-gallery-img' width=\"1024\" height=\"768\" src=\"https:\/\/ironworks.ai\/wp-content\/uploads\/2024\/12\/Ringhera-corten.jpg\" title='Ringhera corten' alt='' srcset=\"https:\/\/ironworks.ai\/wp-content\/uploads\/2024\/12\/Ringhera-corten.jpg 1024w, https:\/\/ironworks.ai\/wp-content\/uploads\/2024\/12\/Ringhera-corten-300x225.jpg 300w, https:\/\/ironworks.ai\/wp-content\/uploads\/2024\/12\/Ringhera-corten-768x576.jpg 768w, https:\/\/ironworks.ai\/wp-content\/uploads\/2024\/12\/Ringhera-corten-705x529.jpg 705w, https:\/\/ironworks.ai\/wp-content\/uploads\/2024\/12\/Ringhera-corten-450x338.jpg 450w, https:\/\/ironworks.ai\/wp-content\/uploads\/2024\/12\/Ringhera-corten-600x450.jpg 600w\" sizes=\"(max-width: 1024px) 100vw, 1024px\" \/><a href=\"https:\/\/ironworks.ai\/wp-content\/uploads\/2024\/12\/Ringhera-corten.jpg\" data-srcset=\"https:\/\/ironworks.ai\/wp-content\/uploads\/2024\/12\/Ringhera-corten.jpg 1024w, https:\/\/ironworks.ai\/wp-content\/uploads\/2024\/12\/Ringhera-corten-300x225.jpg 300w, https:\/\/ironworks.ai\/wp-content\/uploads\/2024\/12\/Ringhera-corten-768x576.jpg 768w, https:\/\/ironworks.ai\/wp-content\/uploads\/2024\/12\/Ringhera-corten-705x529.jpg 705w, https:\/\/ironworks.ai\/wp-content\/uploads\/2024\/12\/Ringhera-corten-450x338.jpg 450w, https:\/\/ironworks.ai\/wp-content\/uploads\/2024\/12\/Ringhera-corten-600x450.jpg 600w\" data-sizes=\"(max-width: 1024px) 100vw, 1024px\" class='av-horizontal-gallery-link' aria-hidden='true' data-av_icon='\ue869' data-av_iconfont='entypo-fontello' title='Ringhera corten' alt=''><\/a><\/div><div class=\"av-horizontal-gallery-wrap noHover\"><img decoding=\"async\" fetchpriority=\"high\" class='wp-image-3400 avia-img-lazy-loading-not-3400 av-horizontal-gallery-img' width=\"560\" height=\"392\" src=\"https:\/\/ironworks.ai\/wp-content\/uploads\/2024\/12\/Schermata-2024-12-04-alle-13.26.12.png\" title='Schermata 2024-12-04 alle 13.26.12' alt='' srcset=\"https:\/\/ironworks.ai\/wp-content\/uploads\/2024\/12\/Schermata-2024-12-04-alle-13.26.12.png 560w, https:\/\/ironworks.ai\/wp-content\/uploads\/2024\/12\/Schermata-2024-12-04-alle-13.26.12-300x210.png 300w, https:\/\/ironworks.ai\/wp-content\/uploads\/2024\/12\/Schermata-2024-12-04-alle-13.26.12-450x315.png 450w\" sizes=\"(max-width: 560px) 100vw, 560px\" \/><a href=\"https:\/\/ironworks.ai\/wp-content\/uploads\/2024\/12\/Schermata-2024-12-04-alle-13.26.12.png\" data-srcset=\"https:\/\/ironworks.ai\/wp-content\/uploads\/2024\/12\/Schermata-2024-12-04-alle-13.26.12.png 560w, https:\/\/ironworks.ai\/wp-content\/uploads\/2024\/12\/Schermata-2024-12-04-alle-13.26.12-300x210.png 300w, https:\/\/ironworks.ai\/wp-content\/uploads\/2024\/12\/Schermata-2024-12-04-alle-13.26.12-450x315.png 450w\" data-sizes=\"(max-width: 560px) 100vw, 560px\" class='av-horizontal-gallery-link' aria-hidden='true' data-av_icon='\ue869' data-av_iconfont='entypo-fontello' title='Schermata 2024-12-04 alle 13.26.12' alt=''><\/a><\/div><\/div><\/div><\/div>\n","protected":false},"excerpt":{"rendered":"<p>This is a Page excerpt. It will be displayed for search results<\/p>\n","protected":false},"author":1,"featured_media":0,"parent":734,"menu_order":0,"comment_status":"open","ping_status":"open","template":"","meta":{"footnotes":""},"class_list":["post-1097","page","type-page","status-publish","hentry"],"yoast_head":"<!-- This site is optimized with the Yoast SEO plugin v23.3 - https:\/\/yoast.com\/wordpress\/plugins\/seo\/ -->\n<title>Attivit\u00e0 - IronWorks<\/title>\n<meta name=\"robots\" content=\"index, follow, max-snippet:-1, max-image-preview:large, max-video-preview:-1\" \/>\n<link rel=\"canonical\" href=\"https:\/\/ironworks.ai\/?page_id=1097\" \/>\n<meta property=\"og:locale\" content=\"en_US\" \/>\n<meta property=\"og:type\" content=\"article\" \/>\n<meta property=\"og:title\" content=\"Attivit\u00e0 - IronWorks\" \/>\n<meta property=\"og:description\" content=\"This is a Page excerpt. It will be displayed for search results\" \/>\n<meta property=\"og:url\" content=\"https:\/\/ironworks.ai\/?page_id=1097\" \/>\n<meta property=\"og:site_name\" content=\"IronWorks\" \/>\n<meta property=\"article:modified_time\" content=\"2024-12-13T18:19:14+00:00\" \/>\n<meta name=\"twitter:card\" content=\"summary_large_image\" \/>\n<meta name=\"twitter:label1\" content=\"Est. reading time\" \/>\n\t<meta name=\"twitter:data1\" content=\"3 minutes\" \/>\n<script type=\"application\/ld+json\" class=\"yoast-schema-graph\">{\"@context\":\"https:\/\/schema.org\",\"@graph\":[{\"@type\":\"WebPage\",\"@id\":\"https:\/\/ironworks.ai\/?page_id=1097\",\"url\":\"https:\/\/ironworks.ai\/?page_id=1097\",\"name\":\"Attivit\u00e0 - IronWorks\",\"isPartOf\":{\"@id\":\"https:\/\/ironworks.ai\/#website\"},\"datePublished\":\"2013-04-04T22:55:50+00:00\",\"dateModified\":\"2024-12-13T18:19:14+00:00\",\"breadcrumb\":{\"@id\":\"https:\/\/ironworks.ai\/?page_id=1097#breadcrumb\"},\"inLanguage\":\"en-US\",\"potentialAction\":[{\"@type\":\"ReadAction\",\"target\":[\"https:\/\/ironworks.ai\/?page_id=1097\"]}]},{\"@type\":\"BreadcrumbList\",\"@id\":\"https:\/\/ironworks.ai\/?page_id=1097#breadcrumb\",\"itemListElement\":[{\"@type\":\"ListItem\",\"position\":1,\"name\":\"Home\",\"item\":\"https:\/\/ironworks.ai\/?page_id=3270\"},{\"@type\":\"ListItem\",\"position\":2,\"name\":\"Homepage\",\"item\":\"https:\/\/ironworks.ai\/?page_id=734\"},{\"@type\":\"ListItem\",\"position\":3,\"name\":\"Attivit\u00e0\"}]},{\"@type\":\"WebSite\",\"@id\":\"https:\/\/ironworks.ai\/#website\",\"url\":\"https:\/\/ironworks.ai\/\",\"name\":\"IronWorks\",\"description\":\"\",\"publisher\":{\"@id\":\"https:\/\/ironworks.ai\/#organization\"},\"potentialAction\":[{\"@type\":\"SearchAction\",\"target\":{\"@type\":\"EntryPoint\",\"urlTemplate\":\"https:\/\/ironworks.ai\/?s={search_term_string}\"},\"query-input\":\"required name=search_term_string\"}],\"inLanguage\":\"en-US\"},{\"@type\":\"Organization\",\"@id\":\"https:\/\/ironworks.ai\/#organization\",\"name\":\"IronWorks\",\"url\":\"https:\/\/ironworks.ai\/\",\"logo\":{\"@type\":\"ImageObject\",\"inLanguage\":\"en-US\",\"@id\":\"https:\/\/ironworks.ai\/#\/schema\/logo\/image\/\",\"url\":\"https:\/\/ironworks.ai\/wp-content\/uploads\/2024\/08\/Logo-scuro.png\",\"contentUrl\":\"https:\/\/ironworks.ai\/wp-content\/uploads\/2024\/08\/Logo-scuro.png\",\"width\":591,\"height\":291,\"caption\":\"IronWorks\"},\"image\":{\"@id\":\"https:\/\/ironworks.ai\/#\/schema\/logo\/image\/\"},\"sameAs\":[\"https:\/\/www.instagram.com\/ironworks.ai\/\"]}]}<\/script>\n<!-- \/ Yoast SEO plugin. -->","yoast_head_json":{"title":"Attivit\u00e0 - IronWorks","robots":{"index":"index","follow":"follow","max-snippet":"max-snippet:-1","max-image-preview":"max-image-preview:large","max-video-preview":"max-video-preview:-1"},"canonical":"https:\/\/ironworks.ai\/?page_id=1097","og_locale":"en_US","og_type":"article","og_title":"Attivit\u00e0 - IronWorks","og_description":"This is a Page excerpt. It will be displayed for search results","og_url":"https:\/\/ironworks.ai\/?page_id=1097","og_site_name":"IronWorks","article_modified_time":"2024-12-13T18:19:14+00:00","twitter_card":"summary_large_image","twitter_misc":{"Est. reading time":"3 minutes"},"schema":{"@context":"https:\/\/schema.org","@graph":[{"@type":"WebPage","@id":"https:\/\/ironworks.ai\/?page_id=1097","url":"https:\/\/ironworks.ai\/?page_id=1097","name":"Attivit\u00e0 - IronWorks","isPartOf":{"@id":"https:\/\/ironworks.ai\/#website"},"datePublished":"2013-04-04T22:55:50+00:00","dateModified":"2024-12-13T18:19:14+00:00","breadcrumb":{"@id":"https:\/\/ironworks.ai\/?page_id=1097#breadcrumb"},"inLanguage":"en-US","potentialAction":[{"@type":"ReadAction","target":["https:\/\/ironworks.ai\/?page_id=1097"]}]},{"@type":"BreadcrumbList","@id":"https:\/\/ironworks.ai\/?page_id=1097#breadcrumb","itemListElement":[{"@type":"ListItem","position":1,"name":"Home","item":"https:\/\/ironworks.ai\/?page_id=3270"},{"@type":"ListItem","position":2,"name":"Homepage","item":"https:\/\/ironworks.ai\/?page_id=734"},{"@type":"ListItem","position":3,"name":"Attivit\u00e0"}]},{"@type":"WebSite","@id":"https:\/\/ironworks.ai\/#website","url":"https:\/\/ironworks.ai\/","name":"IronWorks","description":"","publisher":{"@id":"https:\/\/ironworks.ai\/#organization"},"potentialAction":[{"@type":"SearchAction","target":{"@type":"EntryPoint","urlTemplate":"https:\/\/ironworks.ai\/?s={search_term_string}"},"query-input":"required name=search_term_string"}],"inLanguage":"en-US"},{"@type":"Organization","@id":"https:\/\/ironworks.ai\/#organization","name":"IronWorks","url":"https:\/\/ironworks.ai\/","logo":{"@type":"ImageObject","inLanguage":"en-US","@id":"https:\/\/ironworks.ai\/#\/schema\/logo\/image\/","url":"https:\/\/ironworks.ai\/wp-content\/uploads\/2024\/08\/Logo-scuro.png","contentUrl":"https:\/\/ironworks.ai\/wp-content\/uploads\/2024\/08\/Logo-scuro.png","width":591,"height":291,"caption":"IronWorks"},"image":{"@id":"https:\/\/ironworks.ai\/#\/schema\/logo\/image\/"},"sameAs":["https:\/\/www.instagram.com\/ironworks.ai\/"]}]}},"_links":{"self":[{"href":"https:\/\/ironworks.ai\/index.php?rest_route=\/wp\/v2\/pages\/1097","targetHints":{"allow":["GET"]}}],"collection":[{"href":"https:\/\/ironworks.ai\/index.php?rest_route=\/wp\/v2\/pages"}],"about":[{"href":"https:\/\/ironworks.ai\/index.php?rest_route=\/wp\/v2\/types\/page"}],"author":[{"embeddable":true,"href":"https:\/\/ironworks.ai\/index.php?rest_route=\/wp\/v2\/users\/1"}],"replies":[{"embeddable":true,"href":"https:\/\/ironworks.ai\/index.php?rest_route=%2Fwp%2Fv2%2Fcomments&post=1097"}],"version-history":[{"count":5,"href":"https:\/\/ironworks.ai\/index.php?rest_route=\/wp\/v2\/pages\/1097\/revisions"}],"predecessor-version":[{"id":3447,"href":"https:\/\/ironworks.ai\/index.php?rest_route=\/wp\/v2\/pages\/1097\/revisions\/3447"}],"up":[{"embeddable":true,"href":"https:\/\/ironworks.ai\/index.php?rest_route=\/wp\/v2\/pages\/734"}],"wp:attachment":[{"href":"https:\/\/ironworks.ai\/index.php?rest_route=%2Fwp%2Fv2%2Fmedia&parent=1097"}],"curies":[{"name":"wp","href":"https:\/\/api.w.org\/{rel}","templated":true}]}}